{"id":739,"date":"2022-06-29T15:03:21","date_gmt":"2022-06-29T13:03:21","guid":{"rendered":"https:\/\/psi-france.com\/?page_id=739"},"modified":"2026-02-20T10:32:22","modified_gmt":"2026-02-20T09:32:22","slug":"bureaux-entrepots-hauts-de-france","status":"publish","type":"page","link":"https:\/\/psi-france.com\/en\/bureaux-entrepots-hauts-de-france\/","title":{"rendered":"Entrep\u00f4ts et Bureaux Nord, Hauts de France"},"content":{"rendered":"<div data-elementor-type=\"wp-page\" data-elementor-id=\"739\" class=\"elementor elementor-739\">\n\t\t\t\t<div class=\"elementor-element elementor-element-53a005b e-flex e-con-boxed wpr-particle-no wpr-jarallax-no wpr-parallax-no wpr-sticky-section-no e-con e-parent\" data-id=\"53a005b\" data-element_type=\"container\" data-e-type=\"container\" data-settings=\"{&quot;background_background&quot;:&quot;classic&quot;}\">\n\t\t\t\t\t<div class=\"e-con-inner\">\n\t\t<div class=\"elementor-element elementor-element-40e34fa e-con-full e-flex wpr-particle-no wpr-jarallax-no wpr-parallax-no wpr-sticky-section-no e-con e-child\" data-id=\"40e34fa\" data-element_type=\"container\" data-e-type=\"container\">\n\t\t\t\t<div class=\"elementor-element elementor-element-6d372cf elementor-invisible elementor-widget elementor-widget-heading\" data-id=\"6d372cf\" data-element_type=\"widget\" data-e-type=\"widget\" data-settings=\"{&quot;_animation&quot;:&quot;fadeIn&quot;}\" data-widget_type=\"heading.default\">\n\t\t\t\t<div class=\"elementor-widget-container\">\n\t\t\t\t\t<h1 class=\"elementor-heading-title elementor-size-default\">Trouvez l\u2019espace professionnel adapt\u00e9 \u00e0 votre activit\u00e9.<\/h1>\t\t\t\t<\/div>\n\t\t\t\t<\/div>\n\t\t\t\t<\/div>\n\t\t\t\t\t<\/div>\n\t\t\t\t<\/div>\n\t\t<div class=\"elementor-element elementor-element-f3d4110 e-flex e-con-boxed wpr-particle-no wpr-jarallax-no wpr-parallax-no wpr-sticky-section-no e-con e-parent\" data-id=\"f3d4110\" data-element_type=\"container\" data-e-type=\"container\" data-settings=\"{&quot;background_background&quot;:&quot;classic&quot;}\">\n\t\t\t\t\t<div class=\"e-con-inner\">\n\t\t<div class=\"elementor-element elementor-element-9654f11 e-con-full e-flex wpr-particle-no wpr-jarallax-no wpr-parallax-no wpr-sticky-section-no e-con e-child\" data-id=\"9654f11\" data-element_type=\"container\" data-e-type=\"container\">\n\t\t<div class=\"elementor-element elementor-element-7da48f9 e-con-full e-flex wpr-particle-no wpr-jarallax-no wpr-parallax-no wpr-sticky-section-no e-con e-child\" data-id=\"7da48f9\" data-element_type=\"container\" data-e-type=\"container\" data-settings=\"{&quot;background_background&quot;:&quot;classic&quot;}\">\n\t\t<div class=\"elementor-element elementor-element-ca8aca6 e-con-full e-flex wpr-particle-no wpr-jarallax-no wpr-parallax-no wpr-sticky-section-no e-con e-child\" data-id=\"ca8aca6\" data-element_type=\"container\" data-e-type=\"container\">\n\t\t\t\t<div class=\"elementor-element elementor-element-c86a1af elementor-widget__width-inherit elementor-widget-tablet__width-initial elementor-invisible elementor-widget elementor-widget-heading\" data-id=\"c86a1af\" data-element_type=\"widget\" data-e-type=\"widget\" data-settings=\"{&quot;_animation&quot;:&quot;slideInUp&quot;,&quot;_animation_delay&quot;:1000}\" data-widget_type=\"heading.default\">\n\t\t\t\t<div class=\"elementor-widget-container\">\n\t\t\t\t\t<h2 class=\"elementor-heading-title elementor-size-default\">Entrep\u00f4ts de 202 m\u00b2 ou 307 m\u00b2<\/h2>\t\t\t\t<\/div>\n\t\t\t\t<\/div>\n\t\t\t\t<div class=\"elementor-element elementor-element-df45d94 elementor-widget-tablet__width-initial elementor-widget-mobile__width-inherit elementor-invisible elementor-widget elementor-widget-heading\" data-id=\"df45d94\" data-element_type=\"widget\" data-e-type=\"widget\" data-settings=\"{&quot;_animation&quot;:&quot;fadeInUp&quot;,&quot;_animation_delay&quot;:1500}\" data-widget_type=\"heading.default\">\n\t\t\t\t<div class=\"elementor-widget-container\">\n\t\t\t\t\t<p class=\"elementor-heading-title elementor-size-default\">Des surfaces id\u00e9ales pour le stockage, l\u2019activit\u00e9 artisanale ou le d\u00e9veloppement logistique de votre entreprise.<\/p>\t\t\t\t<\/div>\n\t\t\t\t<\/div>\n\t\t\t\t<\/div>\n\t\t<div class=\"elementor-element elementor-element-566dc11 e-con-full e-flex wpr-particle-no wpr-jarallax-no wpr-parallax-no wpr-sticky-section-no e-con e-child\" data-id=\"566dc11\" data-element_type=\"container\" data-e-type=\"container\">\n\t\t\t\t<div class=\"elementor-element elementor-element-dc6cf32 elementor-invisible elementor-widget elementor-widget-image\" data-id=\"dc6cf32\" data-element_type=\"widget\" data-e-type=\"widget\" data-settings=\"{&quot;_animation&quot;:&quot;slideInUp&quot;,&quot;_animation_delay&quot;:1000}\" data-widget_type=\"image.default\">\n\t\t\t\t<div class=\"elementor-widget-container\">\n\t\t\t\t\t\t\t\t\t\t\t\t\t\t\t<img fetchpriority=\"high\" decoding=\"async\" width=\"1024\" height=\"891\" src=\"https:\/\/psi-france.com\/wp-content\/uploads\/2026\/02\/entrepots-comines-1024x891.png\" class=\"elementor-animation-float attachment-large size-large wp-image-2490\" alt=\"\" srcset=\"https:\/\/psi-france.com\/wp-content\/uploads\/2026\/02\/entrepots-comines-1024x891.png 1024w, https:\/\/psi-france.com\/wp-content\/uploads\/2026\/02\/entrepots-comines-300x261.png 300w, https:\/\/psi-france.com\/wp-content\/uploads\/2026\/02\/entrepots-comines-768x668.png 768w, https:\/\/psi-france.com\/wp-content\/uploads\/2026\/02\/entrepots-comines-14x12.png 14w, https:\/\/psi-france.com\/wp-content\/uploads\/2026\/02\/entrepots-comines.png 1061w\" sizes=\"(max-width: 1024px) 100vw, 1024px\" \/>\t\t\t\t\t\t\t\t\t\t\t\t\t\t\t<\/div>\n\t\t\t\t<\/div>\n\t\t\t\t<div class=\"elementor-element elementor-element-4c70d81 elementor-widget__width-auto elementor-mobile-align-center elementor-align-center elementor-invisible elementor-widget elementor-widget-button\" data-id=\"4c70d81\" data-element_type=\"widget\" data-e-type=\"widget\" data-settings=\"{&quot;_animation&quot;:&quot;fadeInUp&quot;,&quot;_animation_delay&quot;:2000}\" data-widget_type=\"button.default\">\n\t\t\t\t<div class=\"elementor-widget-container\">\n\t\t\t\t\t\t\t\t\t<div class=\"elementor-button-wrapper\">\n\t\t\t\t\t<a class=\"elementor-button elementor-button-link elementor-size-md\" href=\"https:\/\/psi-france.com\/en\/entrepots-comines\/\">\n\t\t\t\t\t\t<span class=\"elementor-button-content-wrapper\">\n\t\t\t\t\t\t\t\t\t<span class=\"elementor-button-text\">D\u00e9couvrir les entrep\u00f4ts<\/span>\n\t\t\t\t\t<\/span>\n\t\t\t\t\t<\/a>\n\t\t\t\t<\/div>\n\t\t\t\t\t\t\t\t<\/div>\n\t\t\t\t<\/div>\n\t\t\t\t<\/div>\n\t\t\t\t<\/div>\n\t\t\t\t<\/div>\n\t\t<div class=\"elementor-element elementor-element-2e759f6 e-con-full e-flex wpr-particle-no wpr-jarallax-no wpr-parallax-no wpr-sticky-section-no e-con e-child\" data-id=\"2e759f6\" data-element_type=\"container\" data-e-type=\"container\">\n\t\t<div class=\"elementor-element elementor-element-ca26ec6 e-con-full e-flex wpr-particle-no wpr-jarallax-no wpr-parallax-no wpr-sticky-section-no e-con e-child\" data-id=\"ca26ec6\" data-element_type=\"container\" data-e-type=\"container\" data-settings=\"{&quot;background_background&quot;:&quot;classic&quot;}\">\n\t\t<div class=\"elementor-element elementor-element-bcdde23 e-con-full e-flex wpr-particle-no wpr-jarallax-no wpr-parallax-no wpr-sticky-section-no e-con e-child\" data-id=\"bcdde23\" data-element_type=\"container\" data-e-type=\"container\">\n\t\t\t\t<div class=\"elementor-element elementor-element-a7f8f99 elementor-widget__width-inherit elementor-widget-tablet__width-initial elementor-invisible elementor-widget elementor-widget-heading\" data-id=\"a7f8f99\" data-element_type=\"widget\" data-e-type=\"widget\" data-settings=\"{&quot;_animation&quot;:&quot;slideInUp&quot;,&quot;_animation_delay&quot;:1000}\" data-widget_type=\"heading.default\">\n\t\t\t\t<div class=\"elementor-widget-container\">\n\t\t\t\t\t<h2 class=\"elementor-heading-title elementor-size-default\">Bureaux de 94 m\u00b2 ou 140 m\u00b2<\/h2>\t\t\t\t<\/div>\n\t\t\t\t<\/div>\n\t\t\t\t<div class=\"elementor-element elementor-element-268d716 elementor-widget-tablet__width-initial elementor-widget-mobile__width-inherit elementor-invisible elementor-widget elementor-widget-heading\" data-id=\"268d716\" data-element_type=\"widget\" data-e-type=\"widget\" data-settings=\"{&quot;_animation&quot;:&quot;fadeInUp&quot;,&quot;_animation_delay&quot;:1500}\" data-widget_type=\"heading.default\">\n\t\t\t\t<div class=\"elementor-widget-container\">\n\t\t\t\t\t<p class=\"elementor-heading-title elementor-size-default\">Des espaces professionnels adapt\u00e9s aux \u00e9quipes et aux ind\u00e9pendants, dans un environnement fonctionnel et accessible.<\/p>\t\t\t\t<\/div>\n\t\t\t\t<\/div>\n\t\t\t\t<\/div>\n\t\t<div class=\"elementor-element elementor-element-a913981 e-con-full e-flex wpr-particle-no wpr-jarallax-no wpr-parallax-no wpr-sticky-section-no e-con e-child\" data-id=\"a913981\" data-element_type=\"container\" data-e-type=\"container\">\n\t\t\t\t<div class=\"elementor-element elementor-element-63f206b elementor-invisible elementor-widget elementor-widget-image\" data-id=\"63f206b\" data-element_type=\"widget\" data-e-type=\"widget\" data-settings=\"{&quot;_animation&quot;:&quot;slideInUp&quot;,&quot;_animation_delay&quot;:1000}\" data-widget_type=\"image.default\">\n\t\t\t\t<div class=\"elementor-widget-container\">\n\t\t\t\t\t\t\t\t\t\t\t\t\t\t\t<img decoding=\"async\" width=\"1024\" height=\"891\" src=\"https:\/\/psi-france.com\/wp-content\/uploads\/2026\/02\/bureaux-comines-26-1024x891.png\" class=\"elementor-animation-float attachment-large size-large wp-image-2448\" alt=\"\" srcset=\"https:\/\/psi-france.com\/wp-content\/uploads\/2026\/02\/bureaux-comines-26-1024x891.png 1024w, https:\/\/psi-france.com\/wp-content\/uploads\/2026\/02\/bureaux-comines-26-300x261.png 300w, https:\/\/psi-france.com\/wp-content\/uploads\/2026\/02\/bureaux-comines-26-768x668.png 768w, https:\/\/psi-france.com\/wp-content\/uploads\/2026\/02\/bureaux-comines-26-14x12.png 14w, https:\/\/psi-france.com\/wp-content\/uploads\/2026\/02\/bureaux-comines-26.png 1061w\" sizes=\"(max-width: 1024px) 100vw, 1024px\" \/>\t\t\t\t\t\t\t\t\t\t\t\t\t\t\t<\/div>\n\t\t\t\t<\/div>\n\t\t\t\t<div class=\"elementor-element elementor-element-b128bbe elementor-widget__width-auto elementor-mobile-align-center elementor-align-center elementor-invisible elementor-widget elementor-widget-button\" data-id=\"b128bbe\" data-element_type=\"widget\" data-e-type=\"widget\" data-settings=\"{&quot;_animation&quot;:&quot;fadeInUp&quot;,&quot;_animation_delay&quot;:2000}\" data-widget_type=\"button.default\">\n\t\t\t\t<div class=\"elementor-widget-container\">\n\t\t\t\t\t\t\t\t\t<div class=\"elementor-button-wrapper\">\n\t\t\t\t\t<a class=\"elementor-button elementor-button-link elementor-size-md\" href=\"https:\/\/psi-france.com\/en\/bureaux-comines\/\">\n\t\t\t\t\t\t<span class=\"elementor-button-content-wrapper\">\n\t\t\t\t\t\t\t\t\t<span class=\"elementor-button-text\">D\u00e9couvrir les bureaux<\/span>\n\t\t\t\t\t<\/span>\n\t\t\t\t\t<\/a>\n\t\t\t\t<\/div>\n\t\t\t\t\t\t\t\t<\/div>\n\t\t\t\t<\/div>\n\t\t\t\t<\/div>\n\t\t\t\t<\/div>\n\t\t\t\t<\/div>\n\t\t\t\t\t<\/div>\n\t\t\t\t<\/div>\n\t\t\t\t<\/div>","protected":false},"excerpt":{"rendered":"<p>Trouvez l\u2019espace professionnel adapt\u00e9 \u00e0 votre activit\u00e9. Entrep\u00f4ts de 202 m\u00b2 ou 307 m\u00b2 Des surfaces id\u00e9ales pour le stockage, l\u2019activit\u00e9 artisanale ou le d\u00e9veloppement logistique de votre entreprise. D\u00e9couvrir les entrep\u00f4ts Bureaux de 94 m\u00b2 ou 140 m\u00b2 Des espaces professionnels adapt\u00e9s aux \u00e9quipes et aux ind\u00e9pendants, dans un environnement fonctionnel et accessible. D\u00e9couvrir les bureaux<\/p>","protected":false},"author":82,"featured_media":2764,"parent":0,"menu_order":0,"comment_status":"closed","ping_status":"closed","template":"","meta":{"site-sidebar-layout":"no-sidebar","site-content-layout":"page-builder","ast-site-content-layout":"full-width-container","site-content-style":"default","site-sidebar-style":"default","ast-global-header-display":"","ast-banner-title-visibility":"","ast-main-header-display":"","ast-hfb-above-header-display":"","ast-hfb-below-header-display":"","ast-hfb-mobile-header-display":"","site-post-title":"disabled","ast-breadcrumbs-content":"","ast-featured-img":"disabled","footer-sml-layout":"","theme-transparent-header-meta":"","adv-header-id-meta":"","stick-header-meta":"","header-above-stick-meta":"","header-main-stick-meta":"","header-below-stick-meta":"","astra-migrate-meta-layouts":"set","ast-page-background-enabled":"default","ast-page-background-meta":{"desktop":{"background-color":"var(--ast-global-color-4)","background-image":"","background-repeat":"repeat","background-position":"center center","background-size":"auto","background-attachment":"scroll","background-type":"","background-media":"","overlay-type":"","overlay-color":"","overlay-gradient":""},"tablet":{"background-color":"","background-image":"","background-repeat":"repeat","background-position":"center center","background-size":"auto","background-attachment":"scroll","background-type":"","background-media":"","overlay-type":"","overlay-color":"","overlay-gradient":""},"mobile":{"background-color":"","background-image":"","background-repeat":"repeat","background-position":"center center","background-size":"auto","background-attachment":"scroll","background-type":"","background-media":"","overlay-type":"","overlay-color":"","overlay-gradient":""}},"ast-content-background-meta":{"desktop":{"background-color":"var(--ast-global-color-5)","background-image":"","background-repeat":"repeat","background-position":"center center","background-size":"auto","background-attachment":"scroll","background-type":"","background-media":"","overlay-type":"","overlay-color":"","overlay-gradient":""},"tablet":{"background-color":"var(--ast-global-color-5)","background-image":"","background-repeat":"repeat","background-position":"center center","background-size":"auto","background-attachment":"scroll","background-type":"","background-media":"","overlay-type":"","overlay-color":"","overlay-gradient":""},"mobile":{"background-color":"var(--ast-global-color-5)","background-image":"","background-repeat":"repeat","background-position":"center center","background-size":"auto","background-attachment":"scroll","background-type":"","background-media":"","overlay-type":"","overlay-color":"","overlay-gradient":""}},"footnotes":""},"class_list":["post-739","page","type-page","status-publish","has-post-thumbnail","hentry"],"yoast_head":"<!-- This site is optimized with the Yoast SEO plugin v27.0 - https:\/\/yoast.com\/product\/yoast-seo-wordpress\/ -->\n<title>Bureaux et entrep\u00f4ts \u00e0 louer ou \u00e0 vendre dans les Hauts-de-France<\/title>\n<meta name=\"description\" content=\"D\u00e9couvrez nos bureaux de 94 m\u00b2 ou 140 m\u00b2 et nos entrep\u00f4ts de 202 m\u00b2 ou 307 m\u00b2 dans les Hauts-de-France. Location ou acquisition.\" \/>\n<meta name=\"robots\" content=\"index, follow, max-snippet:-1, max-image-preview:large, max-video-preview:-1\" \/>\n<link rel=\"canonical\" href=\"https:\/\/psi-france.com\/en\/bureaux-entrepots-hauts-de-france\/\" \/>\n<meta property=\"og:locale\" content=\"en_GB\" \/>\n<meta property=\"og:type\" content=\"article\" \/>\n<meta property=\"og:title\" content=\"Bureaux et entrep\u00f4ts \u00e0 louer ou \u00e0 vendre dans les Hauts-de-France\" \/>\n<meta property=\"og:description\" content=\"D\u00e9couvrez nos bureaux de 94 m\u00b2 ou 140 m\u00b2 et nos entrep\u00f4ts de 202 m\u00b2 ou 307 m\u00b2 dans les Hauts-de-France. Location ou acquisition.\" \/>\n<meta property=\"og:url\" content=\"https:\/\/psi-france.com\/en\/bureaux-entrepots-hauts-de-france\/\" \/>\n<meta property=\"og:site_name\" content=\"PSI-france.com\" \/>\n<meta property=\"article:modified_time\" content=\"2026-02-20T09:32:22+00:00\" \/>\n<meta property=\"og:image\" content=\"https:\/\/psi-france.com\/wp-content\/uploads\/2026\/02\/visuel1.png\" \/>\n\t<meta property=\"og:image:width\" content=\"1251\" \/>\n\t<meta property=\"og:image:height\" content=\"844\" \/>\n\t<meta property=\"og:image:type\" content=\"image\/png\" \/>\n<meta name=\"twitter:card\" content=\"summary_large_image\" \/>\n<meta name=\"twitter:label1\" content=\"Estimated reading time\" \/>\n\t<meta name=\"twitter:data1\" content=\"1 minute\" \/>\n<script type=\"application\/ld+json\" class=\"yoast-schema-graph\">{\"@context\":\"https:\/\/schema.org\",\"@graph\":[{\"@type\":\"WebPage\",\"@id\":\"https:\/\/psi-france.com\/bureaux-entrepots-hauts-de-france\/\",\"url\":\"https:\/\/psi-france.com\/bureaux-entrepots-hauts-de-france\/\",\"name\":\"Bureaux et entrep\u00f4ts \u00e0 louer ou \u00e0 vendre dans les Hauts-de-France\",\"isPartOf\":{\"@id\":\"https:\/\/psi-france.com\/#website\"},\"primaryImageOfPage\":{\"@id\":\"https:\/\/psi-france.com\/bureaux-entrepots-hauts-de-france\/#primaryimage\"},\"image\":{\"@id\":\"https:\/\/psi-france.com\/bureaux-entrepots-hauts-de-france\/#primaryimage\"},\"thumbnailUrl\":\"https:\/\/psi-france.com\/wp-content\/uploads\/2026\/02\/visuel1.png\",\"datePublished\":\"2022-06-29T13:03:21+00:00\",\"dateModified\":\"2026-02-20T09:32:22+00:00\",\"description\":\"D\u00e9couvrez nos bureaux de 94 m\u00b2 ou 140 m\u00b2 et nos entrep\u00f4ts de 202 m\u00b2 ou 307 m\u00b2 dans les Hauts-de-France. Location ou acquisition.\",\"breadcrumb\":{\"@id\":\"https:\/\/psi-france.com\/bureaux-entrepots-hauts-de-france\/#breadcrumb\"},\"inLanguage\":\"en-GB\",\"potentialAction\":[{\"@type\":\"ReadAction\",\"target\":[\"https:\/\/psi-france.com\/bureaux-entrepots-hauts-de-france\/\"]}]},{\"@type\":\"ImageObject\",\"inLanguage\":\"en-GB\",\"@id\":\"https:\/\/psi-france.com\/bureaux-entrepots-hauts-de-france\/#primaryimage\",\"url\":\"https:\/\/psi-france.com\/wp-content\/uploads\/2026\/02\/visuel1.png\",\"contentUrl\":\"https:\/\/psi-france.com\/wp-content\/uploads\/2026\/02\/visuel1.png\",\"width\":1251,\"height\":844},{\"@type\":\"BreadcrumbList\",\"@id\":\"https:\/\/psi-france.com\/bureaux-entrepots-hauts-de-france\/#breadcrumb\",\"itemListElement\":[{\"@type\":\"ListItem\",\"position\":1,\"name\":\"Accueil\",\"item\":\"https:\/\/psi-france.com\/\"},{\"@type\":\"ListItem\",\"position\":2,\"name\":\"Entrep\u00f4ts et Bureaux Nord, Hauts de France\"}]},{\"@type\":\"WebSite\",\"@id\":\"https:\/\/psi-france.com\/#website\",\"url\":\"https:\/\/psi-france.com\/\",\"name\":\"PSI-france.com\",\"description\":\"PSI FRANCE\",\"publisher\":{\"@id\":\"https:\/\/psi-france.com\/#organization\"},\"potentialAction\":[{\"@type\":\"SearchAction\",\"target\":{\"@type\":\"EntryPoint\",\"urlTemplate\":\"https:\/\/psi-france.com\/?s={search_term_string}\"},\"query-input\":{\"@type\":\"PropertyValueSpecification\",\"valueRequired\":true,\"valueName\":\"search_term_string\"}}],\"inLanguage\":\"en-GB\"},{\"@type\":\"Organization\",\"@id\":\"https:\/\/psi-france.com\/#organization\",\"name\":\"PSI-france.com\",\"url\":\"https:\/\/psi-france.com\/\",\"logo\":{\"@type\":\"ImageObject\",\"inLanguage\":\"en-GB\",\"@id\":\"https:\/\/psi-france.com\/#\/schema\/logo\/image\/\",\"url\":\"https:\/\/psi-france.com\/wp-content\/uploads\/2021\/12\/cropped-PSI-BLEU.png\",\"contentUrl\":\"https:\/\/psi-france.com\/wp-content\/uploads\/2021\/12\/cropped-PSI-BLEU.png\",\"width\":519,\"height\":137,\"caption\":\"PSI-france.com\"},\"image\":{\"@id\":\"https:\/\/psi-france.com\/#\/schema\/logo\/image\/\"}}]}<\/script>\n<!-- \/ Yoast SEO plugin. -->","yoast_head_json":{"title":"Bureaux et entrep\u00f4ts \u00e0 louer ou \u00e0 vendre dans les Hauts-de-France","description":"D\u00e9couvrez nos bureaux de 94 m\u00b2 ou 140 m\u00b2 et nos entrep\u00f4ts de 202 m\u00b2 ou 307 m\u00b2 dans les Hauts-de-France. Location ou acquisition.","robots":{"index":"index","follow":"follow","max-snippet":"max-snippet:-1","max-image-preview":"max-image-preview:large","max-video-preview":"max-video-preview:-1"},"canonical":"https:\/\/psi-france.com\/en\/bureaux-entrepots-hauts-de-france\/","og_locale":"en_GB","og_type":"article","og_title":"Bureaux et entrep\u00f4ts \u00e0 louer ou \u00e0 vendre dans les Hauts-de-France","og_description":"D\u00e9couvrez nos bureaux de 94 m\u00b2 ou 140 m\u00b2 et nos entrep\u00f4ts de 202 m\u00b2 ou 307 m\u00b2 dans les Hauts-de-France. Location ou acquisition.","og_url":"https:\/\/psi-france.com\/en\/bureaux-entrepots-hauts-de-france\/","og_site_name":"PSI-france.com","article_modified_time":"2026-02-20T09:32:22+00:00","og_image":[{"width":1251,"height":844,"url":"https:\/\/psi-france.com\/wp-content\/uploads\/2026\/02\/visuel1.png","type":"image\/png"}],"twitter_card":"summary_large_image","twitter_misc":{"Estimated reading time":"1 minute"},"schema":{"@context":"https:\/\/schema.org","@graph":[{"@type":"WebPage","@id":"https:\/\/psi-france.com\/bureaux-entrepots-hauts-de-france\/","url":"https:\/\/psi-france.com\/bureaux-entrepots-hauts-de-france\/","name":"Bureaux et entrep\u00f4ts \u00e0 louer ou \u00e0 vendre dans les Hauts-de-France","isPartOf":{"@id":"https:\/\/psi-france.com\/#website"},"primaryImageOfPage":{"@id":"https:\/\/psi-france.com\/bureaux-entrepots-hauts-de-france\/#primaryimage"},"image":{"@id":"https:\/\/psi-france.com\/bureaux-entrepots-hauts-de-france\/#primaryimage"},"thumbnailUrl":"https:\/\/psi-france.com\/wp-content\/uploads\/2026\/02\/visuel1.png","datePublished":"2022-06-29T13:03:21+00:00","dateModified":"2026-02-20T09:32:22+00:00","description":"D\u00e9couvrez nos bureaux de 94 m\u00b2 ou 140 m\u00b2 et nos entrep\u00f4ts de 202 m\u00b2 ou 307 m\u00b2 dans les Hauts-de-France. Location ou acquisition.","breadcrumb":{"@id":"https:\/\/psi-france.com\/bureaux-entrepots-hauts-de-france\/#breadcrumb"},"inLanguage":"en-GB","potentialAction":[{"@type":"ReadAction","target":["https:\/\/psi-france.com\/bureaux-entrepots-hauts-de-france\/"]}]},{"@type":"ImageObject","inLanguage":"en-GB","@id":"https:\/\/psi-france.com\/bureaux-entrepots-hauts-de-france\/#primaryimage","url":"https:\/\/psi-france.com\/wp-content\/uploads\/2026\/02\/visuel1.png","contentUrl":"https:\/\/psi-france.com\/wp-content\/uploads\/2026\/02\/visuel1.png","width":1251,"height":844},{"@type":"BreadcrumbList","@id":"https:\/\/psi-france.com\/bureaux-entrepots-hauts-de-france\/#breadcrumb","itemListElement":[{"@type":"ListItem","position":1,"name":"Accueil","item":"https:\/\/psi-france.com\/"},{"@type":"ListItem","position":2,"name":"Entrep\u00f4ts et Bureaux Nord, Hauts de France"}]},{"@type":"WebSite","@id":"https:\/\/psi-france.com\/#website","url":"https:\/\/psi-france.com\/","name":"PSI-france.com","description":"PSI FRANCE","publisher":{"@id":"https:\/\/psi-france.com\/#organization"},"potentialAction":[{"@type":"SearchAction","target":{"@type":"EntryPoint","urlTemplate":"https:\/\/psi-france.com\/?s={search_term_string}"},"query-input":{"@type":"PropertyValueSpecification","valueRequired":true,"valueName":"search_term_string"}}],"inLanguage":"en-GB"},{"@type":"Organization","@id":"https:\/\/psi-france.com\/#organization","name":"PSI-france.com","url":"https:\/\/psi-france.com\/","logo":{"@type":"ImageObject","inLanguage":"en-GB","@id":"https:\/\/psi-france.com\/#\/schema\/logo\/image\/","url":"https:\/\/psi-france.com\/wp-content\/uploads\/2021\/12\/cropped-PSI-BLEU.png","contentUrl":"https:\/\/psi-france.com\/wp-content\/uploads\/2021\/12\/cropped-PSI-BLEU.png","width":519,"height":137,"caption":"PSI-france.com"},"image":{"@id":"https:\/\/psi-france.com\/#\/schema\/logo\/image\/"}}]}},"_links":{"self":[{"href":"https:\/\/psi-france.com\/en\/wp-json\/wp\/v2\/pages\/739","targetHints":{"allow":["GET"]}}],"collection":[{"href":"https:\/\/psi-france.com\/en\/wp-json\/wp\/v2\/pages"}],"about":[{"href":"https:\/\/psi-france.com\/en\/wp-json\/wp\/v2\/types\/page"}],"author":[{"embeddable":true,"href":"https:\/\/psi-france.com\/en\/wp-json\/wp\/v2\/users\/82"}],"replies":[{"embeddable":true,"href":"https:\/\/psi-france.com\/en\/wp-json\/wp\/v2\/comments?post=739"}],"version-history":[{"count":180,"href":"https:\/\/psi-france.com\/en\/wp-json\/wp\/v2\/pages\/739\/revisions"}],"predecessor-version":[{"id":2803,"href":"https:\/\/psi-france.com\/en\/wp-json\/wp\/v2\/pages\/739\/revisions\/2803"}],"wp:featuredmedia":[{"embeddable":true,"href":"https:\/\/psi-france.com\/en\/wp-json\/wp\/v2\/media\/2764"}],"wp:attachment":[{"href":"https:\/\/psi-france.com\/en\/wp-json\/wp\/v2\/media?parent=739"}],"curies":[{"name":"wp","href":"https:\/\/api.w.org\/{rel}","templated":true}]}}