{"id":32,"date":"2021-12-07T11:08:28","date_gmt":"2021-12-07T10:08:28","guid":{"rendered":"https:\/\/psi-france.com\/?page_id=32"},"modified":"2026-02-18T11:49:37","modified_gmt":"2026-02-18T10:49:37","slug":"contact-off","status":"publish","type":"page","link":"https:\/\/psi-france.com\/en\/contact-off\/","title":{"rendered":"Contact-off"},"content":{"rendered":"\t\t<div data-elementor-type=\"wp-page\" data-elementor-id=\"32\" class=\"elementor elementor-32\">\n\t\t\t\t\t\t<section class=\"elementor-section elementor-top-section elementor-element elementor-element-f39a940 elementor-section-full_width elementor-section-stretched elementor-section-height-default elementor-section-height-default wpr-particle-no wpr-jarallax-no wpr-parallax-no wpr-sticky-section-no\" data-id=\"f39a940\" data-element_type=\"section\" data-e-type=\"section\" data-settings=\"{&quot;background_background&quot;:&quot;classic&quot;,&quot;stretch_section&quot;:&quot;section-stretched&quot;}\">\n\t\t\t\t\t\t<div class=\"elementor-container elementor-column-gap-default\">\n\t\t\t\t\t<div class=\"elementor-column elementor-col-50 elementor-top-column elementor-element elementor-element-6cce804\" data-id=\"6cce804\" data-element_type=\"column\" data-e-type=\"column\">\n\t\t\t<div class=\"elementor-widget-wrap elementor-element-populated\">\n\t\t\t\t\t\t<div class=\"elementor-element elementor-element-9be74c7 elementor-widget elementor-widget-spacer\" data-id=\"9be74c7\" data-element_type=\"widget\" data-e-type=\"widget\" data-widget_type=\"spacer.default\">\n\t\t\t\t<div class=\"elementor-widget-container\">\n\t\t\t\t\t\t\t<div class=\"elementor-spacer\">\n\t\t\t<div class=\"elementor-spacer-inner\"><\/div>\n\t\t<\/div>\n\t\t\t\t\t\t<\/div>\n\t\t\t\t<\/div>\n\t\t\t\t<div class=\"elementor-element elementor-element-7c75028 elementor-widget elementor-widget-heading\" data-id=\"7c75028\" data-element_type=\"widget\" data-e-type=\"widget\" data-widget_type=\"heading.default\">\n\t\t\t\t<div class=\"elementor-widget-container\">\n\t\t\t\t\t<h2 class=\"elementor-heading-title elementor-size-default\">Besoin de plus d'infos ?<\/h2>\t\t\t\t<\/div>\n\t\t\t\t<\/div>\n\t\t\t\t<div class=\"elementor-element elementor-element-39732272 elementor-widget elementor-widget-heading\" data-id=\"39732272\" data-element_type=\"widget\" data-e-type=\"widget\" data-widget_type=\"heading.default\">\n\t\t\t\t<div class=\"elementor-widget-container\">\n\t\t\t\t\t<h2 class=\"elementor-heading-title elementor-size-default\">Nous contacter<\/h2>\t\t\t\t<\/div>\n\t\t\t\t<\/div>\n\t\t\t\t<div class=\"elementor-element elementor-element-0fe7374 elementor-widget elementor-widget-shortcode\" data-id=\"0fe7374\" data-element_type=\"widget\" data-e-type=\"widget\" data-widget_type=\"shortcode.default\">\n\t\t\t\t<div class=\"elementor-widget-container\">\n\t\t\t\t\t\t\t<div class=\"elementor-shortcode\"><p class=\"wpcf7-contact-form-not-found\"><strong>Error:<\/strong> Contact form not found.<\/p><\/div>\n\t\t\t\t\t\t<\/div>\n\t\t\t\t<\/div>\n\t\t\t\t<div class=\"elementor-element elementor-element-df96aac elementor-widget elementor-widget-html\" data-id=\"df96aac\" data-element_type=\"widget\" data-e-type=\"widget\" data-widget_type=\"html.default\">\n\t\t\t\t<div class=\"elementor-widget-container\">\n\t\t\t\t\t<style>\n    .wpcf7-form input, .wpcf7-form textarea{\n        width:100%;\n        background:white;\n        border:1px solid #ddd;\n        border-left: 3px solid #202B52;\n    }\n    .wpcf7-form input[type=submit]{\n        background:#202B52;\n        font-size:13px;\n        text-transform: uppercase;\n        letter-spacing: 5px;\n    }\n<\/style>\t\t\t\t<\/div>\n\t\t\t\t<\/div>\n\t\t\t\t\t<\/div>\n\t\t<\/div>\n\t\t\t\t<div class=\"elementor-column elementor-col-50 elementor-top-column elementor-element elementor-element-cf916aa\" data-id=\"cf916aa\" data-element_type=\"column\" data-e-type=\"column\">\n\t\t\t<div class=\"elementor-widget-wrap\">\n\t\t\t\t\t\t\t<\/div>\n\t\t<\/div>\n\t\t\t\t\t<\/div>\n\t\t<\/section>\n\t\t\t\t<section class=\"elementor-section elementor-top-section elementor-element elementor-element-757ac3df elementor-section-boxed elementor-section-height-default elementor-section-height-default wpr-particle-no wpr-jarallax-no wpr-parallax-no wpr-sticky-section-no\" data-id=\"757ac3df\" data-element_type=\"section\" data-e-type=\"section\" data-settings=\"{&quot;background_background&quot;:&quot;gradient&quot;}\">\n\t\t\t\t\t\t<div class=\"elementor-container elementor-column-gap-no\">\n\t\t\t\t\t<div class=\"elementor-column elementor-col-100 elementor-top-column elementor-element elementor-element-2bac2c36\" data-id=\"2bac2c36\" data-element_type=\"column\" data-e-type=\"column\">\n\t\t\t<div class=\"elementor-widget-wrap elementor-element-populated\">\n\t\t\t\t\t\t<div class=\"elementor-element elementor-element-2b2501af elementor-widget elementor-widget-heading\" data-id=\"2b2501af\" data-element_type=\"widget\" data-e-type=\"widget\" data-widget_type=\"heading.default\">\n\t\t\t\t<div class=\"elementor-widget-container\">\n\t\t\t\t\t<h2 class=\"elementor-heading-title elementor-size-default\">Contact<\/h2>\t\t\t\t<\/div>\n\t\t\t\t<\/div>\n\t\t\t\t<div class=\"elementor-element elementor-element-52646c15 elementor-icon-list--layout-inline elementor-align-center elementor-list-item-link-full_width elementor-widget elementor-widget-icon-list\" data-id=\"52646c15\" data-element_type=\"widget\" data-e-type=\"widget\" data-widget_type=\"icon-list.default\">\n\t\t\t\t<div class=\"elementor-widget-container\">\n\t\t\t\t\t\t\t<ul class=\"elementor-icon-list-items elementor-inline-items\">\n\t\t\t\t\t\t\t<li class=\"elementor-icon-list-item elementor-inline-item\">\n\t\t\t\t\t\t\t\t\t\t\t<a href=\"#\">\n\n\t\t\t\t\t\t\t\t\t\t\t<span class=\"elementor-icon-list-text\">Home<\/span>\n\t\t\t\t\t\t\t\t\t\t\t<\/a>\n\t\t\t\t\t\t\t\t\t<\/li>\n\t\t\t\t\t\t\t\t<li class=\"elementor-icon-list-item elementor-inline-item\">\n\t\t\t\t\t\t\t\t\t\t\t<span class=\"elementor-icon-list-icon\">\n\t\t\t\t\t\t\t<i aria-hidden=\"true\" class=\"fas fa-minus\"><\/i>\t\t\t\t\t\t<\/span>\n\t\t\t\t\t\t\t\t\t\t<span class=\"elementor-icon-list-text\">Contact<\/span>\n\t\t\t\t\t\t\t\t\t<\/li>\n\t\t\t\t\t\t<\/ul>\n\t\t\t\t\t\t<\/div>\n\t\t\t\t<\/div>\n\t\t\t\t<div class=\"elementor-element elementor-element-89504eb elementor-widget__width-initial elementor-absolute elementor-widget elementor-widget-image\" data-id=\"89504eb\" data-element_type=\"widget\" data-e-type=\"widget\" data-settings=\"{&quot;_position&quot;:&quot;absolute&quot;}\" data-widget_type=\"image.default\">\n\t\t\t\t<div class=\"elementor-widget-container\">\n\t\t\t\t\t\t\t\t\t\t\t\t\t\t\t<img decoding=\"async\" src=\"https:\/\/psi-france.com\/wp-content\/uploads\/2026\/02\/54f4de58-object-22-a.png\" title=\"\" alt=\"\" loading=\"lazy\" \/>\t\t\t\t\t\t\t\t\t\t\t\t\t\t\t<\/div>\n\t\t\t\t<\/div>\n\t\t\t\t<div class=\"elementor-element elementor-element-25675714 elementor-widget__width-initial elementor-absolute elementor-widget elementor-widget-image\" data-id=\"25675714\" data-element_type=\"widget\" data-e-type=\"widget\" data-settings=\"{&quot;_position&quot;:&quot;absolute&quot;}\" data-widget_type=\"image.default\">\n\t\t\t\t<div class=\"elementor-widget-container\">\n\t\t\t\t\t\t\t\t\t\t\t\t\t\t\t<img decoding=\"async\" src=\"https:\/\/psi-france.com\/wp-content\/uploads\/2026\/02\/ac694920-object-23-ab.png\" title=\"\" alt=\"\" loading=\"lazy\" \/>\t\t\t\t\t\t\t\t\t\t\t\t\t\t\t<\/div>\n\t\t\t\t<\/div>\n\t\t\t\t<div class=\"elementor-element elementor-element-3e07776d elementor-widget__width-initial elementor-absolute elementor-widget elementor-widget-image\" data-id=\"3e07776d\" data-element_type=\"widget\" data-e-type=\"widget\" data-settings=\"{&quot;_position&quot;:&quot;absolute&quot;}\" data-widget_type=\"image.default\">\n\t\t\t\t<div class=\"elementor-widget-container\">\n\t\t\t\t\t\t\t\t\t\t\t\t\t\t\t<img decoding=\"async\" src=\"https:\/\/psi-france.com\/wp-content\/uploads\/2026\/02\/4fd38dc7-object-20-a.png\" title=\"\" alt=\"\" loading=\"lazy\" \/>\t\t\t\t\t\t\t\t\t\t\t\t\t\t\t<\/div>\n\t\t\t\t<\/div>\n\t\t\t\t\t<\/div>\n\t\t<\/div>\n\t\t\t\t\t<\/div>\n\t\t<\/section>\n\t\t\t\t<section class=\"elementor-section elementor-top-section elementor-element elementor-element-75041e98 elementor-section-boxed elementor-section-height-default elementor-section-height-default wpr-particle-no wpr-jarallax-no wpr-parallax-no wpr-sticky-section-no\" data-id=\"75041e98\" data-element_type=\"section\" data-e-type=\"section\" data-settings=\"{&quot;background_background&quot;:&quot;classic&quot;}\">\n\t\t\t\t\t\t<div class=\"elementor-container elementor-column-gap-no\">\n\t\t\t\t\t<div class=\"elementor-column elementor-col-50 elementor-top-column elementor-element elementor-element-1e7c55ce\" data-id=\"1e7c55ce\" data-element_type=\"column\" data-e-type=\"column\">\n\t\t\t<div class=\"elementor-widget-wrap elementor-element-populated\">\n\t\t\t\t\t\t<div class=\"elementor-element elementor-element-7d778d4b elementor-invisible elementor-widget elementor-widget-heading\" data-id=\"7d778d4b\" data-element_type=\"widget\" data-e-type=\"widget\" data-settings=\"{&quot;_animation&quot;:&quot;zoomIn&quot;}\" data-widget_type=\"heading.default\">\n\t\t\t\t<div class=\"elementor-widget-container\">\n\t\t\t\t\t<h2 class=\"elementor-heading-title elementor-size-default\">Get In Touch<\/h2>\t\t\t\t<\/div>\n\t\t\t\t<\/div>\n\t\t\t\t\t<\/div>\n\t\t<\/div>\n\t\t\t\t<div class=\"elementor-column elementor-col-50 elementor-top-column elementor-element elementor-element-4627f97e\" data-id=\"4627f97e\" data-element_type=\"column\" data-e-type=\"column\">\n\t\t\t<div class=\"elementor-widget-wrap elementor-element-populated\">\n\t\t\t\t\t\t<div class=\"elementor-element elementor-element-4479236c elementor-invisible elementor-widget elementor-widget-heading\" data-id=\"4479236c\" data-element_type=\"widget\" data-e-type=\"widget\" data-settings=\"{&quot;_animation&quot;:&quot;fadeInRight&quot;}\" data-widget_type=\"heading.default\">\n\t\t\t\t<div class=\"elementor-widget-container\">\n\t\t\t\t\t<h2 class=\"elementor-heading-title elementor-size-default\">Contact Address:<\/h2>\t\t\t\t<\/div>\n\t\t\t\t<\/div>\n\t\t\t\t<div class=\"elementor-element elementor-element-2311bb31 elementor-invisible elementor-widget elementor-widget-text-editor\" data-id=\"2311bb31\" data-element_type=\"widget\" data-e-type=\"widget\" data-settings=\"{&quot;_animation&quot;:&quot;fadeInRight&quot;}\" data-widget_type=\"text-editor.default\">\n\t\t\t\t<div class=\"elementor-widget-container\">\n\t\t\t\t\t\t\t\t\t<p>If you face any type of problem, reach out to our support team anytime from anywhere.<\/p>\t\t\t\t\t\t\t\t<\/div>\n\t\t\t\t<\/div>\n\t\t\t\t<div class=\"elementor-element elementor-element-5bc8aec1 elementor-icon-list--layout-traditional elementor-list-item-link-full_width elementor-invisible elementor-widget elementor-widget-icon-list\" data-id=\"5bc8aec1\" data-element_type=\"widget\" data-e-type=\"widget\" data-settings=\"{&quot;_animation&quot;:&quot;fadeInRight&quot;}\" data-widget_type=\"icon-list.default\">\n\t\t\t\t<div class=\"elementor-widget-container\">\n\t\t\t\t\t\t\t<ul class=\"elementor-icon-list-items\">\n\t\t\t\t\t\t\t<li class=\"elementor-icon-list-item\">\n\t\t\t\t\t\t\t\t\t\t<span class=\"elementor-icon-list-text\">440-70-465<\/span>\n\t\t\t\t\t\t\t\t\t<\/li>\n\t\t\t\t\t\t\t\t<li class=\"elementor-icon-list-item\">\n\t\t\t\t\t\t\t\t\t\t<span class=\"elementor-icon-list-text\">contact@neobot.com <\/span>\n\t\t\t\t\t\t\t\t\t<\/li>\n\t\t\t\t\t\t\t\t<li class=\"elementor-icon-list-item\">\n\t\t\t\t\t\t\t\t\t\t<span class=\"elementor-icon-list-text\">4148 Rose Avenue, New Orleans, LA, Louisiana, 70114<\/span>\n\t\t\t\t\t\t\t\t\t<\/li>\n\t\t\t\t\t\t<\/ul>\n\t\t\t\t\t\t<\/div>\n\t\t\t\t<\/div>\n\t\t\t\t<div class=\"elementor-element elementor-element-b4bb99 elementor-shape-circle e-grid-align-left elementor-grid-0 elementor-invisible elementor-widget elementor-widget-social-icons\" data-id=\"b4bb99\" data-element_type=\"widget\" data-e-type=\"widget\" data-settings=\"{&quot;_animation&quot;:&quot;fadeInRight&quot;}\" data-widget_type=\"social-icons.default\">\n\t\t\t\t<div class=\"elementor-widget-container\">\n\t\t\t\t\t\t\t<div class=\"elementor-social-icons-wrapper elementor-grid\" role=\"list\">\n\t\t\t\t\t\t\t<span class=\"elementor-grid-item\" role=\"listitem\">\n\t\t\t\t\t<a class=\"elementor-icon elementor-social-icon elementor-social-icon-facebook-f elementor-repeater-item-ead67d2\" target=\"_blank\">\n\t\t\t\t\t\t<span class=\"elementor-screen-only\">Facebook-f<\/span>\n\t\t\t\t\t\t<i aria-hidden=\"true\" class=\"fab fa-facebook-f\"><\/i>\t\t\t\t\t<\/a>\n\t\t\t\t<\/span>\n\t\t\t\t\t\t\t<span class=\"elementor-grid-item\" role=\"listitem\">\n\t\t\t\t\t<a class=\"elementor-icon elementor-social-icon elementor-social-icon-instagram elementor-repeater-item-82678d8\" target=\"_blank\">\n\t\t\t\t\t\t<span class=\"elementor-screen-only\">Instagram<\/span>\n\t\t\t\t\t\t<i aria-hidden=\"true\" class=\"fab fa-instagram\"><\/i>\t\t\t\t\t<\/a>\n\t\t\t\t<\/span>\n\t\t\t\t\t\t\t<span class=\"elementor-grid-item\" role=\"listitem\">\n\t\t\t\t\t<a class=\"elementor-icon elementor-social-icon elementor-social-icon-twitter elementor-repeater-item-5e4271b\" target=\"_blank\">\n\t\t\t\t\t\t<span class=\"elementor-screen-only\">Twitter<\/span>\n\t\t\t\t\t\t<i aria-hidden=\"true\" class=\"fab fa-twitter\"><\/i>\t\t\t\t\t<\/a>\n\t\t\t\t<\/span>\n\t\t\t\t\t\t\t<span class=\"elementor-grid-item\" role=\"listitem\">\n\t\t\t\t\t<a class=\"elementor-icon elementor-social-icon elementor-social-icon-pinterest elementor-repeater-item-eb29f2b\" target=\"_blank\">\n\t\t\t\t\t\t<span class=\"elementor-screen-only\">Pinterest<\/span>\n\t\t\t\t\t\t<i aria-hidden=\"true\" class=\"fab fa-pinterest\"><\/i>\t\t\t\t\t<\/a>\n\t\t\t\t<\/span>\n\t\t\t\t\t<\/div>\n\t\t\t\t\t\t<\/div>\n\t\t\t\t<\/div>\n\t\t\t\t\t<\/div>\n\t\t<\/div>\n\t\t\t\t\t<\/div>\n\t\t<\/section>\n\t\t\t\t<section class=\"elementor-section elementor-top-section elementor-element elementor-element-7b258967 elementor-section-boxed elementor-section-height-default elementor-section-height-default wpr-particle-no wpr-jarallax-no wpr-parallax-no wpr-sticky-section-no\" data-id=\"7b258967\" data-element_type=\"section\" data-e-type=\"section\">\n\t\t\t\t\t\t<div class=\"elementor-container elementor-column-gap-no\">\n\t\t\t\t\t<div class=\"elementor-column elementor-col-100 elementor-top-column elementor-element elementor-element-a0df244\" data-id=\"a0df244\" data-element_type=\"column\" data-e-type=\"column\">\n\t\t\t<div class=\"elementor-widget-wrap\">\n\t\t\t\t\t\t\t<\/div>\n\t\t<\/div>\n\t\t\t\t\t<\/div>\n\t\t<\/section>\n\t\t\t\t<\/div>\n\t\t","protected":false},"excerpt":{"rendered":"<p>Besoin de plus d&rsquo;infos ? Nous contacter Contact Home Contact Get In Touch Contact Address: If you face any type of problem, reach out to our support team anytime from anywhere. 440-70-465 contact@neobot.com 4148 Rose Avenue, New Orleans, LA, Louisiana, 70114 Facebook-f Instagram Twitter Pinterest<\/p>","protected":false},"author":82,"featured_media":0,"parent":0,"menu_order":0,"comment_status":"closed","ping_status":"closed","template":"elementor_header_footer","meta":{"site-sidebar-layout":"default","site-content-layout":"","ast-site-content-layout":"default","site-content-style":"default","site-sidebar-style":"default","ast-global-header-display":"","ast-banner-title-visibility":"","ast-main-header-display":"","ast-hfb-above-header-display":"","ast-hfb-below-header-display":"","ast-hfb-mobile-header-display":"","site-post-title":"","ast-breadcrumbs-content":"","ast-featured-img":"","footer-sml-layout":"","theme-transparent-header-meta":"","adv-header-id-meta":"","stick-header-meta":"","header-above-stick-meta":"","header-main-stick-meta":"","header-below-stick-meta":"","astra-migrate-meta-layouts":"set","ast-page-background-enabled":"default","ast-page-background-meta":{"desktop":{"background-color":"var(--ast-global-color-4)","background-image":"","background-repeat":"repeat","background-position":"center center","background-size":"auto","background-attachment":"scroll","background-type":"","background-media":"","overlay-type":"","overlay-color":"","overlay-gradient":""},"tablet":{"background-color":"","background-image":"","background-repeat":"repeat","background-position":"center center","background-size":"auto","background-attachment":"scroll","background-type":"","background-media":"","overlay-type":"","overlay-color":"","overlay-gradient":""},"mobile":{"background-color":"","background-image":"","background-repeat":"repeat","background-position":"center center","background-size":"auto","background-attachment":"scroll","background-type":"","background-media":"","overlay-type":"","overlay-color":"","overlay-gradient":""}},"ast-content-background-meta":{"desktop":{"background-color":"var(--ast-global-color-5)","background-image":"","background-repeat":"repeat","background-position":"center center","background-size":"auto","background-attachment":"scroll","background-type":"","background-media":"","overlay-type":"","overlay-color":"","overlay-gradient":""},"tablet":{"background-color":"var(--ast-global-color-5)","background-image":"","background-repeat":"repeat","background-position":"center center","background-size":"auto","background-attachment":"scroll","background-type":"","background-media":"","overlay-type":"","overlay-color":"","overlay-gradient":""},"mobile":{"background-color":"var(--ast-global-color-5)","background-image":"","background-repeat":"repeat","background-position":"center center","background-size":"auto","background-attachment":"scroll","background-type":"","background-media":"","overlay-type":"","overlay-color":"","overlay-gradient":""}},"footnotes":""},"class_list":["post-32","page","type-page","status-publish","hentry"],"yoast_head":"<!-- This site is optimized with the Yoast SEO plugin v27.0 - https:\/\/yoast.com\/product\/yoast-seo-wordpress\/ -->\n<title>Contact - Location Cellules Activit\u00e9 - M\u00e9tropole Lilloise (Nord)<\/title>\n<meta name=\"description\" content=\"Vous cherchez \u00e0 contacter PSI pour la location de cellules d&#039;activit\u00e9 ? Nous sommes disponibles par t\u00e9l\u00e9phone, courrier ou email.\" \/>\n<meta name=\"robots\" content=\"index, follow, max-snippet:-1, max-image-preview:large, max-video-preview:-1\" \/>\n<link rel=\"canonical\" href=\"https:\/\/psi-france.com\/en\/contact-off\/\" \/>\n<meta property=\"og:locale\" content=\"en_GB\" \/>\n<meta property=\"og:type\" content=\"article\" \/>\n<meta property=\"og:title\" content=\"Contact - Location Cellules Activit\u00e9 - M\u00e9tropole Lilloise (Nord)\" \/>\n<meta property=\"og:description\" content=\"Vous cherchez \u00e0 contacter PSI pour la location de cellules d&#039;activit\u00e9 ? Nous sommes disponibles par t\u00e9l\u00e9phone, courrier ou email.\" \/>\n<meta property=\"og:url\" content=\"https:\/\/psi-france.com\/en\/contact-off\/\" \/>\n<meta property=\"og:site_name\" content=\"PSI-france.com\" \/>\n<meta property=\"article:modified_time\" content=\"2026-02-18T10:49:37+00:00\" \/>\n<meta property=\"og:image\" content=\"https:\/\/psi-france.com\/wp-content\/uploads\/2026\/02\/54f4de58-object-22-a.png\" \/>\n<meta name=\"twitter:card\" content=\"summary_large_image\" \/>\n<meta name=\"twitter:label1\" content=\"Estimated reading time\" \/>\n\t<meta name=\"twitter:data1\" content=\"1 minute\" \/>\n<script type=\"application\/ld+json\" class=\"yoast-schema-graph\">{\"@context\":\"https:\/\/schema.org\",\"@graph\":[{\"@type\":\"WebPage\",\"@id\":\"https:\/\/psi-france.com\/contact-off\/\",\"url\":\"https:\/\/psi-france.com\/contact-off\/\",\"name\":\"Contact - Location Cellules Activit\u00e9 - M\u00e9tropole Lilloise (Nord)\",\"isPartOf\":{\"@id\":\"https:\/\/psi-france.com\/#website\"},\"primaryImageOfPage\":{\"@id\":\"https:\/\/psi-france.com\/contact-off\/#primaryimage\"},\"image\":{\"@id\":\"https:\/\/psi-france.com\/contact-off\/#primaryimage\"},\"thumbnailUrl\":\"https:\/\/psi-france.com\/wp-content\/uploads\/2026\/02\/54f4de58-object-22-a.png\",\"datePublished\":\"2021-12-07T10:08:28+00:00\",\"dateModified\":\"2026-02-18T10:49:37+00:00\",\"description\":\"Vous cherchez \u00e0 contacter PSI pour la location de cellules d'activit\u00e9 ? Nous sommes disponibles par t\u00e9l\u00e9phone, courrier ou email.\",\"breadcrumb\":{\"@id\":\"https:\/\/psi-france.com\/contact-off\/#breadcrumb\"},\"inLanguage\":\"en-GB\",\"potentialAction\":[{\"@type\":\"ReadAction\",\"target\":[\"https:\/\/psi-france.com\/contact-off\/\"]}]},{\"@type\":\"ImageObject\",\"inLanguage\":\"en-GB\",\"@id\":\"https:\/\/psi-france.com\/contact-off\/#primaryimage\",\"url\":\"https:\/\/psi-france.com\/wp-content\/uploads\/2026\/02\/54f4de58-object-22-a.png\",\"contentUrl\":\"https:\/\/psi-france.com\/wp-content\/uploads\/2026\/02\/54f4de58-object-22-a.png\"},{\"@type\":\"BreadcrumbList\",\"@id\":\"https:\/\/psi-france.com\/contact-off\/#breadcrumb\",\"itemListElement\":[{\"@type\":\"ListItem\",\"position\":1,\"name\":\"Accueil\",\"item\":\"https:\/\/psi-france.com\/\"},{\"@type\":\"ListItem\",\"position\":2,\"name\":\"Contact-off\"}]},{\"@type\":\"WebSite\",\"@id\":\"https:\/\/psi-france.com\/#website\",\"url\":\"https:\/\/psi-france.com\/\",\"name\":\"PSI-france.com\",\"description\":\"PSI FRANCE\",\"publisher\":{\"@id\":\"https:\/\/psi-france.com\/#organization\"},\"potentialAction\":[{\"@type\":\"SearchAction\",\"target\":{\"@type\":\"EntryPoint\",\"urlTemplate\":\"https:\/\/psi-france.com\/?s={search_term_string}\"},\"query-input\":{\"@type\":\"PropertyValueSpecification\",\"valueRequired\":true,\"valueName\":\"search_term_string\"}}],\"inLanguage\":\"en-GB\"},{\"@type\":\"Organization\",\"@id\":\"https:\/\/psi-france.com\/#organization\",\"name\":\"PSI-france.com\",\"url\":\"https:\/\/psi-france.com\/\",\"logo\":{\"@type\":\"ImageObject\",\"inLanguage\":\"en-GB\",\"@id\":\"https:\/\/psi-france.com\/#\/schema\/logo\/image\/\",\"url\":\"https:\/\/psi-france.com\/wp-content\/uploads\/2021\/12\/cropped-PSI-BLEU.png\",\"contentUrl\":\"https:\/\/psi-france.com\/wp-content\/uploads\/2021\/12\/cropped-PSI-BLEU.png\",\"width\":519,\"height\":137,\"caption\":\"PSI-france.com\"},\"image\":{\"@id\":\"https:\/\/psi-france.com\/#\/schema\/logo\/image\/\"}}]}<\/script>\n<!-- \/ Yoast SEO plugin. -->","yoast_head_json":{"title":"Contact - Location Cellules Activit\u00e9 - M\u00e9tropole Lilloise (Nord)","description":"Vous cherchez \u00e0 contacter PSI pour la location de cellules d'activit\u00e9 ? Nous sommes disponibles par t\u00e9l\u00e9phone, courrier ou email.","robots":{"index":"index","follow":"follow","max-snippet":"max-snippet:-1","max-image-preview":"max-image-preview:large","max-video-preview":"max-video-preview:-1"},"canonical":"https:\/\/psi-france.com\/en\/contact-off\/","og_locale":"en_GB","og_type":"article","og_title":"Contact - Location Cellules Activit\u00e9 - M\u00e9tropole Lilloise (Nord)","og_description":"Vous cherchez \u00e0 contacter PSI pour la location de cellules d'activit\u00e9 ? Nous sommes disponibles par t\u00e9l\u00e9phone, courrier ou email.","og_url":"https:\/\/psi-france.com\/en\/contact-off\/","og_site_name":"PSI-france.com","article_modified_time":"2026-02-18T10:49:37+00:00","og_image":[{"url":"https:\/\/psi-france.com\/wp-content\/uploads\/2026\/02\/54f4de58-object-22-a.png","type":"","width":"","height":""}],"twitter_card":"summary_large_image","twitter_misc":{"Estimated reading time":"1 minute"},"schema":{"@context":"https:\/\/schema.org","@graph":[{"@type":"WebPage","@id":"https:\/\/psi-france.com\/contact-off\/","url":"https:\/\/psi-france.com\/contact-off\/","name":"Contact - Location Cellules Activit\u00e9 - M\u00e9tropole Lilloise (Nord)","isPartOf":{"@id":"https:\/\/psi-france.com\/#website"},"primaryImageOfPage":{"@id":"https:\/\/psi-france.com\/contact-off\/#primaryimage"},"image":{"@id":"https:\/\/psi-france.com\/contact-off\/#primaryimage"},"thumbnailUrl":"https:\/\/psi-france.com\/wp-content\/uploads\/2026\/02\/54f4de58-object-22-a.png","datePublished":"2021-12-07T10:08:28+00:00","dateModified":"2026-02-18T10:49:37+00:00","description":"Vous cherchez \u00e0 contacter PSI pour la location de cellules d'activit\u00e9 ? Nous sommes disponibles par t\u00e9l\u00e9phone, courrier ou email.","breadcrumb":{"@id":"https:\/\/psi-france.com\/contact-off\/#breadcrumb"},"inLanguage":"en-GB","potentialAction":[{"@type":"ReadAction","target":["https:\/\/psi-france.com\/contact-off\/"]}]},{"@type":"ImageObject","inLanguage":"en-GB","@id":"https:\/\/psi-france.com\/contact-off\/#primaryimage","url":"https:\/\/psi-france.com\/wp-content\/uploads\/2026\/02\/54f4de58-object-22-a.png","contentUrl":"https:\/\/psi-france.com\/wp-content\/uploads\/2026\/02\/54f4de58-object-22-a.png"},{"@type":"BreadcrumbList","@id":"https:\/\/psi-france.com\/contact-off\/#breadcrumb","itemListElement":[{"@type":"ListItem","position":1,"name":"Accueil","item":"https:\/\/psi-france.com\/"},{"@type":"ListItem","position":2,"name":"Contact-off"}]},{"@type":"WebSite","@id":"https:\/\/psi-france.com\/#website","url":"https:\/\/psi-france.com\/","name":"PSI-france.com","description":"PSI FRANCE","publisher":{"@id":"https:\/\/psi-france.com\/#organization"},"potentialAction":[{"@type":"SearchAction","target":{"@type":"EntryPoint","urlTemplate":"https:\/\/psi-france.com\/?s={search_term_string}"},"query-input":{"@type":"PropertyValueSpecification","valueRequired":true,"valueName":"search_term_string"}}],"inLanguage":"en-GB"},{"@type":"Organization","@id":"https:\/\/psi-france.com\/#organization","name":"PSI-france.com","url":"https:\/\/psi-france.com\/","logo":{"@type":"ImageObject","inLanguage":"en-GB","@id":"https:\/\/psi-france.com\/#\/schema\/logo\/image\/","url":"https:\/\/psi-france.com\/wp-content\/uploads\/2021\/12\/cropped-PSI-BLEU.png","contentUrl":"https:\/\/psi-france.com\/wp-content\/uploads\/2021\/12\/cropped-PSI-BLEU.png","width":519,"height":137,"caption":"PSI-france.com"},"image":{"@id":"https:\/\/psi-france.com\/#\/schema\/logo\/image\/"}}]}},"_links":{"self":[{"href":"https:\/\/psi-france.com\/en\/wp-json\/wp\/v2\/pages\/32","targetHints":{"allow":["GET"]}}],"collection":[{"href":"https:\/\/psi-france.com\/en\/wp-json\/wp\/v2\/pages"}],"about":[{"href":"https:\/\/psi-france.com\/en\/wp-json\/wp\/v2\/types\/page"}],"author":[{"embeddable":true,"href":"https:\/\/psi-france.com\/en\/wp-json\/wp\/v2\/users\/82"}],"replies":[{"embeddable":true,"href":"https:\/\/psi-france.com\/en\/wp-json\/wp\/v2\/comments?post=32"}],"version-history":[{"count":105,"href":"https:\/\/psi-france.com\/en\/wp-json\/wp\/v2\/pages\/32\/revisions"}],"predecessor-version":[{"id":2600,"href":"https:\/\/psi-france.com\/en\/wp-json\/wp\/v2\/pages\/32\/revisions\/2600"}],"wp:attachment":[{"href":"https:\/\/psi-france.com\/en\/wp-json\/wp\/v2\/media?parent=32"}],"curies":[{"name":"wp","href":"https:\/\/api.w.org\/{rel}","templated":true}]}}