{"id":2621,"date":"2026-02-19T10:35:17","date_gmt":"2026-02-19T09:35:17","guid":{"rendered":"https:\/\/psi-france.com\/?page_id=2621"},"modified":"2026-02-20T11:48:52","modified_gmt":"2026-02-20T10:48:52","slug":"notre-vision","status":"publish","type":"page","link":"https:\/\/psi-france.com\/en\/notre-vision\/","title":{"rendered":"Notre vision : des espaces au service des professionnels"},"content":{"rendered":"<div data-elementor-type=\"wp-page\" data-elementor-id=\"2621\" class=\"elementor elementor-2621\">\n\t\t\t\t<div class=\"elementor-element elementor-element-e17ae99 e-flex e-con-boxed wpr-particle-no wpr-jarallax-no wpr-parallax-no wpr-sticky-section-no e-con e-parent\" data-id=\"e17ae99\" data-element_type=\"container\" data-e-type=\"container\" data-settings=\"{&quot;background_background&quot;:&quot;classic&quot;}\">\n\t\t\t\t\t<div class=\"e-con-inner\">\n\t\t\t\t<div class=\"elementor-element elementor-element-377aa2d elementor-invisible elementor-widget elementor-widget-image\" data-id=\"377aa2d\" data-element_type=\"widget\" data-e-type=\"widget\" data-settings=\"{&quot;_animation&quot;:&quot;zoomIn&quot;}\" data-widget_type=\"image.default\">\n\t\t\t\t<div class=\"elementor-widget-container\">\n\t\t\t\t\t\t\t\t\t\t\t\t\t\t\t<img fetchpriority=\"high\" decoding=\"async\" width=\"2560\" height=\"1707\" src=\"https:\/\/psi-france.com\/wp-content\/uploads\/2026\/02\/Den_Bouw_-_PSI_-_FDP005682-scaled.jpg\" class=\"attachment-full size-full wp-image-2456\" alt=\"\" srcset=\"https:\/\/psi-france.com\/wp-content\/uploads\/2026\/02\/Den_Bouw_-_PSI_-_FDP005682-scaled.jpg 2560w, https:\/\/psi-france.com\/wp-content\/uploads\/2026\/02\/Den_Bouw_-_PSI_-_FDP005682-300x200.jpg 300w, https:\/\/psi-france.com\/wp-content\/uploads\/2026\/02\/Den_Bouw_-_PSI_-_FDP005682-1024x683.jpg 1024w, https:\/\/psi-france.com\/wp-content\/uploads\/2026\/02\/Den_Bouw_-_PSI_-_FDP005682-768x512.jpg 768w, https:\/\/psi-france.com\/wp-content\/uploads\/2026\/02\/Den_Bouw_-_PSI_-_FDP005682-1536x1024.jpg 1536w, https:\/\/psi-france.com\/wp-content\/uploads\/2026\/02\/Den_Bouw_-_PSI_-_FDP005682-2048x1365.jpg 2048w, https:\/\/psi-france.com\/wp-content\/uploads\/2026\/02\/Den_Bouw_-_PSI_-_FDP005682-18x12.jpg 18w\" sizes=\"(max-width: 2560px) 100vw, 2560px\" \/>\t\t\t\t\t\t\t\t\t\t\t\t\t\t\t<\/div>\n\t\t\t\t<\/div>\n\t\t\t\t<div class=\"elementor-element elementor-element-774acf0 elementor-widget__width-inherit elementor-widget-tablet__width-initial elementor-invisible elementor-widget elementor-widget-heading\" data-id=\"774acf0\" data-element_type=\"widget\" data-e-type=\"widget\" data-settings=\"{&quot;_animation&quot;:&quot;slideInUp&quot;,&quot;_animation_delay&quot;:1000}\" data-widget_type=\"heading.default\">\n\t\t\t\t<div class=\"elementor-widget-container\">\n\t\t\t\t\t<h1 class=\"elementor-heading-title elementor-size-default\">Our vision<\/h1>\t\t\t\t<\/div>\n\t\t\t\t<\/div>\n\t\t\t\t<div class=\"elementor-element elementor-element-6eebf35 elementor-widget__width-inherit elementor-widget-tablet__width-initial elementor-invisible elementor-widget elementor-widget-heading\" data-id=\"6eebf35\" data-element_type=\"widget\" data-e-type=\"widget\" data-settings=\"{&quot;_animation&quot;:&quot;slideInUp&quot;,&quot;_animation_delay&quot;:1000}\" data-widget_type=\"heading.default\">\n\t\t\t\t<div class=\"elementor-widget-container\">\n\t\t\t\t\t<h2 class=\"elementor-heading-title elementor-size-default\">Professional spaces designed to help businesses grow<\/h2>\t\t\t\t<\/div>\n\t\t\t\t<\/div>\n\t\t\t\t<div class=\"elementor-element elementor-element-230b817 elementor-invisible elementor-widget elementor-widget-heading\" data-id=\"230b817\" data-element_type=\"widget\" data-e-type=\"widget\" data-settings=\"{&quot;_animation&quot;:&quot;fadeIn&quot;}\" data-widget_type=\"heading.default\">\n\t\t\t\t<div class=\"elementor-widget-container\">\n\t\t\t\t\t<p class=\"elementor-heading-title elementor-size-default\">At PSI France, we develop offices and warehouses designed to meet the specific needs of professionals.\n\nFunctionality, accessibility, bright spaces, and quality construction: each building is designed to facilitate daily operations.\n\nOur goal is simple: to offer efficient, locally-adapted, and sustainable commercial real estate.<\/p>\t\t\t\t<\/div>\n\t\t\t\t<\/div>\n\t\t\t\t\t<\/div>\n\t\t\t\t<\/div>\n\t\t\t\t<section class=\"elementor-section elementor-top-section elementor-element elementor-element-297146d2 elementor-section-boxed elementor-section-height-default elementor-section-height-default wpr-particle-no wpr-jarallax-no wpr-parallax-no wpr-sticky-section-no\" data-id=\"297146d2\" data-element_type=\"section\" data-e-type=\"section\" data-settings=\"{&quot;background_background&quot;:&quot;classic&quot;}\">\n\t\t\t\t\t\t<div class=\"elementor-container elementor-column-gap-no\">\n\t\t\t\t\t<div class=\"elementor-column elementor-col-100 elementor-top-column elementor-element elementor-element-1ed88d04\" data-id=\"1ed88d04\" data-element_type=\"column\" data-e-type=\"column\">\n\t\t\t<div class=\"elementor-widget-wrap elementor-element-populated\">\n\t\t\t\t\t\t<section class=\"elementor-section elementor-inner-section elementor-element elementor-element-43127b4 elementor-section-boxed elementor-section-height-default elementor-section-height-default wpr-particle-no wpr-jarallax-no wpr-parallax-no wpr-sticky-section-no\" data-id=\"43127b4\" data-element_type=\"section\" data-e-type=\"section\">\n\t\t\t\t\t\t<div class=\"elementor-container elementor-column-gap-no\">\n\t\t\t\t\t<div class=\"elementor-column elementor-col-33 elementor-inner-column elementor-element elementor-element-03a5783\" data-id=\"03a5783\" data-element_type=\"column\" data-e-type=\"column\">\n\t\t\t<div class=\"elementor-widget-wrap elementor-element-populated\">\n\t\t\t\t\t\t<div class=\"elementor-element elementor-element-fb29ad9 eael-infobox-content-align--left eael-infobox-icon-bg-shape-none eael-infobox-icon-hover-bg-shape-none elementor-invisible elementor-widget elementor-widget-eael-info-box\" data-id=\"fb29ad9\" data-element_type=\"widget\" data-e-type=\"widget\" data-settings=\"{&quot;_animation&quot;:&quot;fadeInLeft&quot;}\" data-widget_type=\"eael-info-box.default\">\n\t\t\t\t<div class=\"elementor-widget-container\">\n\t\t\t\t\t        <div class=\"eael-infobox icon-on-top\">\n\t            <div class=\"infobox-icon eael-icon-only\">\n\n            \n                            <div class=\"infobox-icon-wrap\">\n                    <i aria-hidden=\"true\" class=\"fas fa-user-tie\"><\/i>                <\/div>\n            \n            \n        <\/div>\n            <div class=\"infobox-content eael-icon-only\">\n                    <div class=\"infobox-title-section\">\n                <h2 class=\"title\">Supporting entrepreneurs<\/h2>            <\/div>\n            <div><p>We support entrepreneurs and professionals with a simple and direct approach:<br \/>Transparent exchange, quick responses and solutions tailored to each project.<br \/>From the initial visit to the installation, we remain involved.<\/p><\/div>        <\/div>\n            <\/div>\n\n\t\t\t\t\t\t<\/div>\n\t\t\t\t<\/div>\n\t\t\t\t\t<\/div>\n\t\t<\/div>\n\t\t\t\t<div class=\"elementor-column elementor-col-33 elementor-inner-column elementor-element elementor-element-ece901e\" data-id=\"ece901e\" data-element_type=\"column\" data-e-type=\"column\">\n\t\t\t<div class=\"elementor-widget-wrap elementor-element-populated\">\n\t\t\t\t\t\t<div class=\"elementor-element elementor-element-a5ac9d2 eael-infobox-content-align--left eael-infobox-icon-bg-shape-none eael-infobox-icon-hover-bg-shape-none elementor-invisible elementor-widget elementor-widget-eael-info-box\" data-id=\"a5ac9d2\" data-element_type=\"widget\" data-e-type=\"widget\" data-settings=\"{&quot;_animation&quot;:&quot;fadeInLeft&quot;}\" data-widget_type=\"eael-info-box.default\">\n\t\t\t\t<div class=\"elementor-widget-container\">\n\t\t\t\t\t        <div class=\"eael-infobox icon-on-top\">\n\t            <div class=\"infobox-icon eael-icon-only\">\n\n            \n                            <div class=\"infobox-icon-wrap\">\n                    <i aria-hidden=\"true\" class=\"fas fa-building\"><\/i>                <\/div>\n            \n            \n        <\/div>\n            <div class=\"infobox-content eael-icon-only\">\n                    <div class=\"infobox-title-section\">\n                <h2 class=\"title\">Solutions at every stage<\/h2>            <\/div>\n            <div><p>We offer offices and warehouses, for rent or purchase, to meet the real needs of businesses.<br \/>Spaces designed to support your growth.<\/p><\/div>        <\/div>\n            <\/div>\n\n\t\t\t\t\t\t<\/div>\n\t\t\t\t<\/div>\n\t\t\t\t\t<\/div>\n\t\t<\/div>\n\t\t\t\t<div class=\"elementor-column elementor-col-33 elementor-inner-column elementor-element elementor-element-667df11\" data-id=\"667df11\" data-element_type=\"column\" data-e-type=\"column\">\n\t\t\t<div class=\"elementor-widget-wrap elementor-element-populated\">\n\t\t\t\t\t\t<div class=\"elementor-element elementor-element-abe0d7c eael-infobox-content-align--left eael-infobox-icon-bg-shape-none eael-infobox-icon-hover-bg-shape-none elementor-invisible elementor-widget elementor-widget-eael-info-box\" data-id=\"abe0d7c\" data-element_type=\"widget\" data-e-type=\"widget\" data-settings=\"{&quot;_animation&quot;:&quot;fadeInLeft&quot;}\" data-widget_type=\"eael-info-box.default\">\n\t\t\t\t<div class=\"elementor-widget-container\">\n\t\t\t\t\t        <div class=\"eael-infobox icon-on-top\">\n\t            <div class=\"infobox-icon eael-icon-only\">\n\n            \n                            <div class=\"infobox-icon-wrap\">\n                    <i aria-hidden=\"true\" class=\"fas fa-building\"><\/i>                <\/div>\n            \n            \n        <\/div>\n            <div class=\"infobox-content eael-icon-only\">\n                    <div class=\"infobox-title-section\">\n                <h2 class=\"title\">Building sustainably<\/h2>            <\/div>\n            <div><p>Our projects integrate energy efficiency, construction quality and modern infrastructure.<br \/>Commercial real estate designed to last.<\/p><\/div>        <\/div>\n            <\/div>\n\n\t\t\t\t\t\t<\/div>\n\t\t\t\t<\/div>\n\t\t\t\t\t<\/div>\n\t\t<\/div>\n\t\t\t\t\t<\/div>\n\t\t<\/section>\n\t\t\t\t\t<\/div>\n\t\t<\/div>\n\t\t\t\t\t<\/div>\n\t\t<\/section>\n\t\t<div class=\"elementor-element elementor-element-d055cf5 e-con-full e-flex wpr-particle-no wpr-jarallax-no wpr-parallax-no wpr-sticky-section-no e-con e-parent\" data-id=\"d055cf5\" data-element_type=\"container\" data-e-type=\"container\" data-settings=\"{&quot;background_background&quot;:&quot;classic&quot;}\">\n\t\t<div class=\"elementor-element elementor-element-4a1feb3 e-con-full e-flex wpr-particle-no wpr-jarallax-no wpr-parallax-no wpr-sticky-section-no e-con e-child\" data-id=\"4a1feb3\" data-element_type=\"container\" data-e-type=\"container\" data-settings=\"{&quot;background_background&quot;:&quot;classic&quot;}\">\n\t\t\t\t<div class=\"elementor-element elementor-element-391e647 elementor-widget__width-inherit elementor-widget-tablet__width-initial elementor-invisible elementor-widget elementor-widget-heading\" data-id=\"391e647\" data-element_type=\"widget\" data-e-type=\"widget\" data-settings=\"{&quot;_animation&quot;:&quot;slideInUp&quot;,&quot;_animation_delay&quot;:1000}\" data-widget_type=\"heading.default\">\n\t\t\t\t<div class=\"elementor-widget-container\">\n\t\t\t\t\t<h2 class=\"elementor-heading-title elementor-size-default\">Let's talk about your project<\/h2>\t\t\t\t<\/div>\n\t\t\t\t<\/div>\n\t\t\t\t<div class=\"elementor-element elementor-element-6581fd1 elementor-widget-tablet__width-initial elementor-widget-mobile__width-inherit elementor-invisible elementor-widget elementor-widget-heading\" data-id=\"6581fd1\" data-element_type=\"widget\" data-e-type=\"widget\" data-settings=\"{&quot;_animation&quot;:&quot;fadeInUp&quot;,&quot;_animation_delay&quot;:1500}\" data-widget_type=\"heading.default\">\n\t\t\t\t<div class=\"elementor-widget-container\">\n\t\t\t\t\t<p class=\"elementor-heading-title elementor-size-default\">Are you looking for an office or warehouse in the Hauts-de-France region?\nCome and discover our spaces and let's discuss your needs.<\/p>\t\t\t\t<\/div>\n\t\t\t\t<\/div>\n\t\t\t\t<div class=\"elementor-element elementor-element-cadf913 elementor-widget__width-auto elementor-mobile-align-center elementor-invisible elementor-widget elementor-widget-button\" data-id=\"cadf913\" data-element_type=\"widget\" data-e-type=\"widget\" data-settings=\"{&quot;_animation&quot;:&quot;fadeInUp&quot;,&quot;_animation_delay&quot;:2000}\" data-widget_type=\"button.default\">\n\t\t\t\t<div class=\"elementor-widget-container\">\n\t\t\t\t\t\t\t\t\t<div class=\"elementor-button-wrapper\">\n\t\t\t\t\t<a class=\"elementor-button elementor-button-link elementor-size-md\" href=\"https:\/\/psi-france.com\/en\/contact\/\">\n\t\t\t\t\t\t<span class=\"elementor-button-content-wrapper\">\n\t\t\t\t\t\t\t\t\t<span class=\"elementor-button-text\">Plan your visit<\/span>\n\t\t\t\t\t<\/span>\n\t\t\t\t\t<\/a>\n\t\t\t\t<\/div>\n\t\t\t\t\t\t\t\t<\/div>\n\t\t\t\t<\/div>\n\t\t\t\t<\/div>\n\t\t<div class=\"elementor-element elementor-element-4f3ab30 e-con-full e-flex wpr-particle-no wpr-jarallax-no wpr-parallax-no wpr-sticky-section-no e-con e-child\" data-id=\"4f3ab30\" data-element_type=\"container\" data-e-type=\"container\" data-settings=\"{&quot;background_background&quot;:&quot;classic&quot;}\">\n\t\t\t\t<\/div>\n\t\t\t\t<\/div>\n\t\t\t\t<\/div>","protected":false},"excerpt":{"rendered":"<p>Notre vision Des espaces professionnels pens\u00e9s pour faire grandir les entreprises Chez PSI France, nous d\u00e9veloppons des bureaux et des entrep\u00f4ts pens\u00e9s pour r\u00e9pondre aux besoins concrets des professionnels. Fonctionnalit\u00e9, accessibilit\u00e9, clart\u00e9 des espaces et qualit\u00e9 de construction : chaque b\u00e2timent est con\u00e7u pour faciliter l\u2019activit\u00e9 au quotidien. Notre objectif est simple : proposer un immobilier professionnel efficace, adapt\u00e9 au terrain et durable dans le temps. Accompagner les entrepreneurs Nous accompagnons entrepreneurs et professionnels avec une approche simple et directe :\u00e9change transparent, r\u00e9ponses rapides et solutions adapt\u00e9es \u00e0 chaque projet.De la premi\u00e8re visite \u00e0 l\u2019installation, nous restons impliqu\u00e9s. Des solutions \u00e0 chaque \u00e9tape Nous proposons des bureaux et entrep\u00f4ts, en location ou en acquisition, pour r\u00e9pondre aux besoins r\u00e9els des entreprises.Des espaces con\u00e7us pour soutenir votre d\u00e9veloppement. Construire durablement Nos projets int\u00e8grent performance \u00e9nerg\u00e9tique, qualit\u00e9 de construction et infrastructures modernes.Un immobilier professionnel pens\u00e9 pour durer. Parlons de votre projet Vous recherchez un bureau ou un entrep\u00f4t dans les Hauts-de-France ? Venez d\u00e9couvrir nos espaces et \u00e9changeons sur votre besoin. Planifiez votre visite<\/p>","protected":false},"author":82,"featured_media":0,"parent":0,"menu_order":0,"comment_status":"closed","ping_status":"closed","template":"elementor_header_footer","meta":{"site-sidebar-layout":"no-sidebar","site-content-layout":"page-builder","ast-site-content-layout":"full-width-container","site-content-style":"default","site-sidebar-style":"default","ast-global-header-display":"","ast-banner-title-visibility":"","ast-main-header-display":"","ast-hfb-above-header-display":"","ast-hfb-below-header-display":"","ast-hfb-mobile-header-display":"","site-post-title":"disabled","ast-breadcrumbs-content":"","ast-featured-img":"disabled","footer-sml-layout":"","theme-transparent-header-meta":"","adv-header-id-meta":"","stick-header-meta":"","header-above-stick-meta":"","header-main-stick-meta":"","header-below-stick-meta":"","astra-migrate-meta-layouts":"set","ast-page-background-enabled":"default","ast-page-background-meta":{"desktop":{"background-color":"var(--ast-global-color-4)","background-image":"","background-repeat":"repeat","background-position":"center center","background-size":"auto","background-attachment":"scroll","background-type":"","background-media":"","overlay-type":"","overlay-color":"","overlay-gradient":""},"tablet":{"background-color":"","background-image":"","background-repeat":"repeat","background-position":"center center","background-size":"auto","background-attachment":"scroll","background-type":"","background-media":"","overlay-type":"","overlay-color":"","overlay-gradient":""},"mobile":{"background-color":"","background-image":"","background-repeat":"repeat","background-position":"center center","background-size":"auto","background-attachment":"scroll","background-type":"","background-media":"","overlay-type":"","overlay-color":"","overlay-gradient":""}},"ast-content-background-meta":{"desktop":{"background-color":"var(--ast-global-color-5)","background-image":"","background-repeat":"repeat","background-position":"center center","background-size":"auto","background-attachment":"scroll","background-type":"","background-media":"","overlay-type":"","overlay-color":"","overlay-gradient":""},"tablet":{"background-color":"var(--ast-global-color-5)","background-image":"","background-repeat":"repeat","background-position":"center center","background-size":"auto","background-attachment":"scroll","background-type":"","background-media":"","overlay-type":"","overlay-color":"","overlay-gradient":""},"mobile":{"background-color":"var(--ast-global-color-5)","background-image":"","background-repeat":"repeat","background-position":"center center","background-size":"auto","background-attachment":"scroll","background-type":"","background-media":"","overlay-type":"","overlay-color":"","overlay-gradient":""}},"footnotes":""},"class_list":["post-2621","page","type-page","status-publish","hentry"],"yoast_head":"<!-- This site is optimized with the Yoast SEO plugin v27.0 - https:\/\/yoast.com\/product\/yoast-seo-wordpress\/ -->\n<title>Notre vision | Immobilier professionnel Hauts-de-France<\/title>\n<meta name=\"description\" content=\"D\u00e9couvrez la vision de PSI France : proposer des bureaux et entrep\u00f4ts adapt\u00e9s aux professionnels dans les Hauts-de-France.\" \/>\n<meta name=\"robots\" content=\"index, follow, max-snippet:-1, max-image-preview:large, max-video-preview:-1\" \/>\n<link rel=\"canonical\" href=\"https:\/\/psi-france.com\/en\/notre-vision\/\" \/>\n<meta property=\"og:locale\" content=\"en_GB\" \/>\n<meta property=\"og:type\" content=\"article\" \/>\n<meta property=\"og:title\" content=\"Notre vision | Immobilier professionnel Hauts-de-France\" \/>\n<meta property=\"og:description\" content=\"D\u00e9couvrez la vision de PSI France : proposer des bureaux et entrep\u00f4ts adapt\u00e9s aux professionnels dans les Hauts-de-France.\" \/>\n<meta property=\"og:url\" content=\"https:\/\/psi-france.com\/en\/notre-vision\/\" \/>\n<meta property=\"og:site_name\" content=\"PSI-france.com\" \/>\n<meta property=\"article:modified_time\" content=\"2026-02-20T10:48:52+00:00\" \/>\n<meta property=\"og:image\" content=\"https:\/\/psi-france.com\/wp-content\/uploads\/2026\/02\/Den_Bouw_-_PSI_-_FDP005682-scaled.jpg\" \/>\n\t<meta property=\"og:image:width\" content=\"2560\" \/>\n\t<meta property=\"og:image:height\" content=\"1707\" \/>\n\t<meta property=\"og:image:type\" content=\"image\/jpeg\" \/>\n<meta name=\"twitter:card\" content=\"summary_large_image\" \/>\n<meta name=\"twitter:label1\" content=\"Estimated reading time\" \/>\n\t<meta name=\"twitter:data1\" content=\"2 minutes\" \/>\n<script type=\"application\/ld+json\" class=\"yoast-schema-graph\">{\"@context\":\"https:\/\/schema.org\",\"@graph\":[{\"@type\":\"WebPage\",\"@id\":\"https:\/\/psi-france.com\/notre-vision\/\",\"url\":\"https:\/\/psi-france.com\/notre-vision\/\",\"name\":\"Notre vision | Immobilier professionnel Hauts-de-France\",\"isPartOf\":{\"@id\":\"https:\/\/psi-france.com\/#website\"},\"primaryImageOfPage\":{\"@id\":\"https:\/\/psi-france.com\/notre-vision\/#primaryimage\"},\"image\":{\"@id\":\"https:\/\/psi-france.com\/notre-vision\/#primaryimage\"},\"thumbnailUrl\":\"https:\/\/psi-france.com\/wp-content\/uploads\/2026\/02\/Den_Bouw_-_PSI_-_FDP005682-scaled.jpg\",\"datePublished\":\"2026-02-19T09:35:17+00:00\",\"dateModified\":\"2026-02-20T10:48:52+00:00\",\"description\":\"D\u00e9couvrez la vision de PSI France : proposer des bureaux et entrep\u00f4ts adapt\u00e9s aux professionnels dans les Hauts-de-France.\",\"breadcrumb\":{\"@id\":\"https:\/\/psi-france.com\/notre-vision\/#breadcrumb\"},\"inLanguage\":\"en-GB\",\"potentialAction\":[{\"@type\":\"ReadAction\",\"target\":[\"https:\/\/psi-france.com\/notre-vision\/\"]}]},{\"@type\":\"ImageObject\",\"inLanguage\":\"en-GB\",\"@id\":\"https:\/\/psi-france.com\/notre-vision\/#primaryimage\",\"url\":\"https:\/\/psi-france.com\/wp-content\/uploads\/2026\/02\/Den_Bouw_-_PSI_-_FDP005682-scaled.jpg\",\"contentUrl\":\"https:\/\/psi-france.com\/wp-content\/uploads\/2026\/02\/Den_Bouw_-_PSI_-_FDP005682-scaled.jpg\"},{\"@type\":\"BreadcrumbList\",\"@id\":\"https:\/\/psi-france.com\/notre-vision\/#breadcrumb\",\"itemListElement\":[{\"@type\":\"ListItem\",\"position\":1,\"name\":\"Accueil\",\"item\":\"https:\/\/psi-france.com\/\"},{\"@type\":\"ListItem\",\"position\":2,\"name\":\"Notre vision : des espaces au service des professionnels\"}]},{\"@type\":\"WebSite\",\"@id\":\"https:\/\/psi-france.com\/#website\",\"url\":\"https:\/\/psi-france.com\/\",\"name\":\"PSI-france.com\",\"description\":\"PSI FRANCE\",\"publisher\":{\"@id\":\"https:\/\/psi-france.com\/#organization\"},\"potentialAction\":[{\"@type\":\"SearchAction\",\"target\":{\"@type\":\"EntryPoint\",\"urlTemplate\":\"https:\/\/psi-france.com\/?s={search_term_string}\"},\"query-input\":{\"@type\":\"PropertyValueSpecification\",\"valueRequired\":true,\"valueName\":\"search_term_string\"}}],\"inLanguage\":\"en-GB\"},{\"@type\":\"Organization\",\"@id\":\"https:\/\/psi-france.com\/#organization\",\"name\":\"PSI-france.com\",\"url\":\"https:\/\/psi-france.com\/\",\"logo\":{\"@type\":\"ImageObject\",\"inLanguage\":\"en-GB\",\"@id\":\"https:\/\/psi-france.com\/#\/schema\/logo\/image\/\",\"url\":\"https:\/\/psi-france.com\/wp-content\/uploads\/2021\/12\/cropped-PSI-BLEU.png\",\"contentUrl\":\"https:\/\/psi-france.com\/wp-content\/uploads\/2021\/12\/cropped-PSI-BLEU.png\",\"width\":519,\"height\":137,\"caption\":\"PSI-france.com\"},\"image\":{\"@id\":\"https:\/\/psi-france.com\/#\/schema\/logo\/image\/\"}}]}<\/script>\n<!-- \/ Yoast SEO plugin. -->","yoast_head_json":{"title":"Notre vision | Immobilier professionnel Hauts-de-France","description":"D\u00e9couvrez la vision de PSI France : proposer des bureaux et entrep\u00f4ts adapt\u00e9s aux professionnels dans les Hauts-de-France.","robots":{"index":"index","follow":"follow","max-snippet":"max-snippet:-1","max-image-preview":"max-image-preview:large","max-video-preview":"max-video-preview:-1"},"canonical":"https:\/\/psi-france.com\/en\/notre-vision\/","og_locale":"en_GB","og_type":"article","og_title":"Notre vision | Immobilier professionnel Hauts-de-France","og_description":"D\u00e9couvrez la vision de PSI France : proposer des bureaux et entrep\u00f4ts adapt\u00e9s aux professionnels dans les Hauts-de-France.","og_url":"https:\/\/psi-france.com\/en\/notre-vision\/","og_site_name":"PSI-france.com","article_modified_time":"2026-02-20T10:48:52+00:00","og_image":[{"width":2560,"height":1707,"url":"https:\/\/psi-france.com\/wp-content\/uploads\/2026\/02\/Den_Bouw_-_PSI_-_FDP005682-scaled.jpg","type":"image\/jpeg"}],"twitter_card":"summary_large_image","twitter_misc":{"Estimated reading time":"2 minutes"},"schema":{"@context":"https:\/\/schema.org","@graph":[{"@type":"WebPage","@id":"https:\/\/psi-france.com\/notre-vision\/","url":"https:\/\/psi-france.com\/notre-vision\/","name":"Notre vision | Immobilier professionnel Hauts-de-France","isPartOf":{"@id":"https:\/\/psi-france.com\/#website"},"primaryImageOfPage":{"@id":"https:\/\/psi-france.com\/notre-vision\/#primaryimage"},"image":{"@id":"https:\/\/psi-france.com\/notre-vision\/#primaryimage"},"thumbnailUrl":"https:\/\/psi-france.com\/wp-content\/uploads\/2026\/02\/Den_Bouw_-_PSI_-_FDP005682-scaled.jpg","datePublished":"2026-02-19T09:35:17+00:00","dateModified":"2026-02-20T10:48:52+00:00","description":"D\u00e9couvrez la vision de PSI France : proposer des bureaux et entrep\u00f4ts adapt\u00e9s aux professionnels dans les Hauts-de-France.","breadcrumb":{"@id":"https:\/\/psi-france.com\/notre-vision\/#breadcrumb"},"inLanguage":"en-GB","potentialAction":[{"@type":"ReadAction","target":["https:\/\/psi-france.com\/notre-vision\/"]}]},{"@type":"ImageObject","inLanguage":"en-GB","@id":"https:\/\/psi-france.com\/notre-vision\/#primaryimage","url":"https:\/\/psi-france.com\/wp-content\/uploads\/2026\/02\/Den_Bouw_-_PSI_-_FDP005682-scaled.jpg","contentUrl":"https:\/\/psi-france.com\/wp-content\/uploads\/2026\/02\/Den_Bouw_-_PSI_-_FDP005682-scaled.jpg"},{"@type":"BreadcrumbList","@id":"https:\/\/psi-france.com\/notre-vision\/#breadcrumb","itemListElement":[{"@type":"ListItem","position":1,"name":"Accueil","item":"https:\/\/psi-france.com\/"},{"@type":"ListItem","position":2,"name":"Notre vision : des espaces au service des professionnels"}]},{"@type":"WebSite","@id":"https:\/\/psi-france.com\/#website","url":"https:\/\/psi-france.com\/","name":"PSI-france.com","description":"PSI FRANCE","publisher":{"@id":"https:\/\/psi-france.com\/#organization"},"potentialAction":[{"@type":"SearchAction","target":{"@type":"EntryPoint","urlTemplate":"https:\/\/psi-france.com\/?s={search_term_string}"},"query-input":{"@type":"PropertyValueSpecification","valueRequired":true,"valueName":"search_term_string"}}],"inLanguage":"en-GB"},{"@type":"Organization","@id":"https:\/\/psi-france.com\/#organization","name":"PSI-france.com","url":"https:\/\/psi-france.com\/","logo":{"@type":"ImageObject","inLanguage":"en-GB","@id":"https:\/\/psi-france.com\/#\/schema\/logo\/image\/","url":"https:\/\/psi-france.com\/wp-content\/uploads\/2021\/12\/cropped-PSI-BLEU.png","contentUrl":"https:\/\/psi-france.com\/wp-content\/uploads\/2021\/12\/cropped-PSI-BLEU.png","width":519,"height":137,"caption":"PSI-france.com"},"image":{"@id":"https:\/\/psi-france.com\/#\/schema\/logo\/image\/"}}]}},"_links":{"self":[{"href":"https:\/\/psi-france.com\/en\/wp-json\/wp\/v2\/pages\/2621","targetHints":{"allow":["GET"]}}],"collection":[{"href":"https:\/\/psi-france.com\/en\/wp-json\/wp\/v2\/pages"}],"about":[{"href":"https:\/\/psi-france.com\/en\/wp-json\/wp\/v2\/types\/page"}],"author":[{"embeddable":true,"href":"https:\/\/psi-france.com\/en\/wp-json\/wp\/v2\/users\/82"}],"replies":[{"embeddable":true,"href":"https:\/\/psi-france.com\/en\/wp-json\/wp\/v2\/comments?post=2621"}],"version-history":[{"count":8,"href":"https:\/\/psi-france.com\/en\/wp-json\/wp\/v2\/pages\/2621\/revisions"}],"predecessor-version":[{"id":2853,"href":"https:\/\/psi-france.com\/en\/wp-json\/wp\/v2\/pages\/2621\/revisions\/2853"}],"wp:attachment":[{"href":"https:\/\/psi-france.com\/en\/wp-json\/wp\/v2\/media?parent=2621"}],"curies":[{"name":"wp","href":"https:\/\/api.w.org\/{rel}","templated":true}]}}